{"id":30,"date":"2015-02-18T16:54:41","date_gmt":"2015-02-18T15:54:41","guid":{"rendered":"http:\/\/bobofarm.at\/wp\/?page_id=30"},"modified":"2025-09-22T06:40:09","modified_gmt":"2025-09-22T05:40:09","slug":"ueber-uns","status":"publish","type":"page","link":"https:\/\/bobofarm.at\/","title":{"rendered":"\u00dcber uns"},"content":{"rendered":"<h2 style=\"text-align: center;\">Gemeinn\u00fctziger Verein zur Erhaltung der Kulturpflanzenvielfalt<br>Bewusstseinsbildung f\u00fcr eine nachhaltige Lebensweise<\/h2>\n<p class=\"p1\"><span class=\"s1\">9000 m2 Bio Obst-, Beeren-, Gem\u00fcse- &amp; Kr\u00e4uteranbau<\/span><\/p>\n<p class=\"p1\"><span style=\"font-size: inherit;\">300 Obstb\u00e4ume<\/span><\/p>\n<p class=\"p1\"><span class=\"s1\">570 Laufmeter Beerenstr\u00e4ucher<\/span><\/p>\n<p class=\"p1\"><span class=\"s1\">22 Hochbeete<\/span><\/p>\n<p class=\"p1\"><span class=\"s1\">1 Folienhaus (zur Aufzucht unserer Jungpflanzen)<\/span><\/p>\n<p class=\"p1\"><span class=\"s1\">5 Bienenst\u00f6cke<\/span><\/p>\n<p class=\"p1\"><span class=\"s1\">\u00dcberdachte Terrasse &amp; Sitzgelegenheiten f\u00fcr unsere Mitglieder<\/span><\/p>\n<ul class=\"ul1\">\n<li class=\"li1\"><span class=\"s3\">Anbau einer Vielfalt an Obst und Gem\u00fcse \u2013 Erhaltung samenfester, alter Sorten. Durch nat\u00fcrlichen Anbau und Saatgutvermehrung, im Zuge von Permakultur, und Verwendung nat\u00fcrlicher Beikr\u00e4uter als Jauche, gibt es keinen Bedarf an Pestiziden und Kunstd\u00fcnger.<\/span><\/li>\n<li class=\"li1\"><span class=\"s3\">Auf 2500 m2<span class=\"Apple-converted-space\">&nbsp; <\/span>pestizidfreiem Boden bauen Mitglieder auf eigenen, unterschiedlich grossen Parzellen Gem\u00fcse f\u00fcr den Eigenbedarf an. Die Jungpflanzen werden aus unserem eigenen Saatgut vorgezogen und zur Verf\u00fcgung gestellt. Die Bew\u00e4sserung erfolgt mit Tropfschl\u00e4uchen und ist automatisiert.<\/span><\/li>\n<li class=\"li1\"><span class=\"s3\">Regionales, saisonales Obst und Gem\u00fcse richtig zubereiten und haltbar machen ist eines der Anliegen, die wir im Zuge von Kochkursen und dem gemeinsamen Kochen\/Einkochen lebendig halten, um auch ausserhalb der Saison die K\u00f6stlichkeiten zu genie\u00dfen.<\/span><\/li>\n<li class=\"li1\"><span class=\"s3\">Austausch von Erfahrung und Wissen zwischen Alt und Jung, ein Platz zum Seele baumeln lassen, sich zu \u201eErden\u201c \u2013 ein gutes Gef\u00fchl f\u00fcr den Alltag mitzunehmen.<\/span><\/li>\n<li class=\"li1\"><span class=\"s3\">Die BoboFarm dient als Schaugarten. Kinder und Erwachsene haben die M\u00f6glichkeit das Wunder der Natur, die Vielfalt und den Geschmack nat\u00fcrlicher Lebensmittel, im Zuge von F\u00fchrungen und Verkostungen zu entdecken.<\/span><\/li>\n<li class=\"li1\"><span class=\"s3\">Mitglied der BoboFarm zu sein, er\u00f6ffnet auch ein reales Freundschaftsnetz. Wir tauschen uns aus, unterst\u00fctzen uns gegenseitig. Pflegen ehrliche, pers\u00f6nliche Kontakte.<\/span><\/li>\n<\/ul>\n<p class=\"p1\"><span class=\"s3\">BoboFarm &#8211; 2332 Hennersdorf &#8211; Ecke Teichfeldgasse \/ H\u00f6belgasse &#8211; neben dem Kinderspielplatz. <\/span><\/p>\n<p class=\"p1\"><span class=\"s3\">Mitgliedsbeitrag Euro 50.- pro Kalenderjahr und Familie. Neue Mitglieder \u00fcbernehmen einmalig die Patenschaft f\u00fcr einen Obstbaum in H\u00f6he von 25,- Euro.<\/span><\/p>\n<p class=\"p1\"><span class=\"s1\">Mitgliedschaftsmodelle:<\/span><\/p>\n<ol class=\"ol1\">\n<li class=\"li1\"><span class=\"s1\">Mitglied inaktiv 50,-\u20ac\/Familie: &#8211; Zutritt zur BoboFarm \/ Selbsternte von 300 Obstbaeumen und 570 Laufmeter Beerenstr\u00e4uchern gegen markt\u00fcbliche Spende \/ Mind. 2. x Jaehrliche Einladung zu all you can eat &amp; drink Veranstaltungen. (Ca. 15,-\u20ac pro Person) Diverse Workshops, spontane Kaffee und Kuchen Nachmittage. (ca. 3,-\u20ac pro Person).<span class=\"Apple-converted-space\">&nbsp; <\/span>Einladungen k\u00f6nnen wahrgenommen werden, ist aber keine Verpflichtung. <\/span><\/li>\n<li class=\"li1\"><span class=\"s1\">Mitglied inaktiv + Hochbeet = zus\u00e4tzlich 20,-\u20ac\/Jahr &#8211; Verpflichtung 1 x w\u00f6chentliches Giessen aller Hochbeete. Zeitaufwand f\u00fcr eine Person 45 Min. Daf\u00fcr unentgeltlich Jungpflanzen zum Bebauen des Hochbeetes. Ernte unentgeltlich an Betreiber. Alles andere gleich mit Punkt 1.<\/span><\/li>\n<li class=\"li1\"><span class=\"s1\">Mitglied inaktiv + Feld mit ca. 70 Meter automatischem Bew\u00e4sserungsschlauch = zus\u00e4tzlich 100 \u20ac\/Jahr. Daf\u00fcr unentgeltlich Jungpflanzen zum Bebauen. (kann von einem oder mehreren Mitgliedern bewirtschaftet werden. Die Ernte ist unentgeltlich an Betreiber. Alles andere gleich mit Punkt 1.<br><\/span><\/li>\n<li class=\"li1\"><span class=\"s1\">Aktive Mitglieder: als aktives Mitglied, bekommst Du allgemeine Arbeiten zugeteilt. Wie Pflege, Reinigung, Instandhaltung der allgemeinen Fl\u00e4chen, B\u00e4ume pflegen, schneiden, bei Trockenheit giessen. Verschiedene Aufrechterhaltungsarbeiten. Servicedienst bei Kaffee und Kuchen. Diese Mitglieder nehmen Obst und Beeren f\u00fcr den Eigenverbrauch unentgeltlich mit. <\/span><\/li>\n<\/ol>\n<p class=\"p1\"><span class=\"s1\">Die BoboFarm ist ein gemeinn\u00fctziger Verein. Es gibt keine Aufwandsentsch\u00e4digungen. Wir erwirtschaften keine Gewinne. Die Mitgliedsbeitr\u00e4ge erm\u00f6glichen die Aufrechterhaltung unserer Infrastruktur. Unsere Mitglieder ob aktiv oder inaktiv tragen dazu bei, dass der Verein w\u00e4chst und gedeiht. Es ist ein Ort zur Kommunikation, ein Miteinander, F\u00fcreinander gesunde Lebensmittel ohne Pestizide zu ernten. <\/span><\/p>\n<p><span style=\"font-size: inherit;\">Mitgliedsbeitrag oder Spende bitte \u00fcberweisen an IBAN: AT703225000000335521<\/span><\/p>\n<p class=\"p1\"><span class=\"s3\">Bei Interesse kontaktiere: T\u00fcnde Gastgeb <a href=\"tel:0699%20116%2088884\">0699 116 88884 <\/a><\/span><\/p>\n\n\n\n","protected":false},"excerpt":{"rendered":"<p>Gemeinn\u00fctziger Verein zur Erhaltung der KulturpflanzenvielfaltBewusstseinsbildung f\u00fcr eine nachhaltige Lebensweise 9000 m2 Bio Obst-, Beeren-, Gem\u00fcse- &amp; Kr\u00e4uteranbau 300 Obstb\u00e4ume 570 Laufmeter Beerenstr\u00e4ucher 22 Hochbeete 1 Folienhaus (zur Aufzucht unserer Jungpflanzen) 5 Bienenst\u00f6cke \u00dcberdachte Terrasse &amp; Sitzgelegenheiten f\u00fcr unsere Mitglieder Anbau einer Vielfalt an Obst und Gem\u00fcse \u2013 Erhaltung samenfester, alter Sorten. Durch nat\u00fcrlichen Anbau&hellip; <a class=\"read-more\" href=\"https:\/\/bobofarm.at\/\">Read More<\/a><\/p>\n","protected":false},"author":1,"featured_media":0,"parent":0,"menu_order":0,"comment_status":"closed","ping_status":"closed","template":"","meta":{"ngg_post_thumbnail":0,"spay_email":""},"jetpack_sharing_enabled":true,"jetpack_shortlink":"https:\/\/wp.me\/P5Mh2S-u","_links":{"self":[{"href":"https:\/\/bobofarm.at\/index.php?rest_route=\/wp\/v2\/pages\/30"}],"collection":[{"href":"https:\/\/bobofarm.at\/index.php?rest_route=\/wp\/v2\/pages"}],"about":[{"href":"https:\/\/bobofarm.at\/index.php?rest_route=\/wp\/v2\/types\/page"}],"author":[{"embeddable":true,"href":"https:\/\/bobofarm.at\/index.php?rest_route=\/wp\/v2\/users\/1"}],"replies":[{"embeddable":true,"href":"https:\/\/bobofarm.at\/index.php?rest_route=%2Fwp%2Fv2%2Fcomments&post=30"}],"version-history":[{"count":19,"href":"https:\/\/bobofarm.at\/index.php?rest_route=\/wp\/v2\/pages\/30\/revisions"}],"predecessor-version":[{"id":4162,"href":"https:\/\/bobofarm.at\/index.php?rest_route=\/wp\/v2\/pages\/30\/revisions\/4162"}],"wp:attachment":[{"href":"https:\/\/bobofarm.at\/index.php?rest_route=%2Fwp%2Fv2%2Fmedia&parent=30"}],"curies":[{"name":"wp","href":"https:\/\/api.w.org\/{rel}","templated":true}]}}